{"id":12,"date":"2021-04-14T16:32:02","date_gmt":"2021-04-14T14:32:02","guid":{"rendered":"https:\/\/maskenbarone.de\/shop\/impressum\/"},"modified":"2021-04-16T16:00:13","modified_gmt":"2021-04-16T14:00:13","slug":"impressum","status":"publish","type":"page","link":"https:\/\/maskenbarone.de\/shop\/impressum\/","title":{"rendered":"Impressum"},"content":{"rendered":"\n<h1 class=\"wp-block-heading\">Impressum<\/h1>\n\n\n\n<p>Angaben gem\u00e4\u00df \u00a7 5 TMG:<\/p>\n\n\n\n<p>Gert Sommer<br>Gesch\u00e4ftsf\u00fchrer<br>Spitzkunnersdorfer Str. 8<br>02782 Seifhennersdorf<\/p>\n\n\n\n<h2 class=\"wp-block-heading\">Kontakt:<\/h2>\n\n\n\n<figure class=\"wp-block-table\"><table><tbody><tr><td>Telefon:<\/td><td>+49 (0) 3586 36860<\/td><\/tr><tr><td>Telefax:<\/td><td>+49 (0) 3586 3686-28<\/td><\/tr><tr><td>E-Mail:<\/td><td>gs@boskcorp.com<\/td><\/tr><\/tbody><\/table><\/figure>\n\n\n\n<h2 class=\"wp-block-heading\">Wirtschafts-Identifikationsnummer:<\/h2>\n\n\n\n<p>Wirtschafts-Identifikationsnummer gem\u00e4\u00df \u00a7139 c Abgabenordnung:<br>1 047 879<\/p>\n\n\n\n<h2 class=\"wp-block-heading\">Verantwortlich f\u00fcr den Inhalt nach \u00a7 55 Abs. 2 RStV:<\/h2>\n\n\n\n<p>Gert Sommer<br>Spitzkunnersdorfer Str. 8<br>02782 Seifhennersdorf<\/p>\n\n\n\n<p>Quelle:&nbsp;<em>erstellt mit dem&nbsp;<a href=\"http:\/\/www.e-recht24.de\/impressum-generator.html\" target=\"_blank\" rel=\"noreferrer noopener\">Impressum-Generator<\/a>&nbsp;von eRecht24.<\/em><\/p>\n\n\n\n<h2 class=\"wp-block-heading\">Haftungsausschluss:<\/h2>\n\n\n\n<p><strong>Haftung f\u00fcr Inhalte<\/strong><\/p>\n\n\n\n<p>Die Inhalte unserer Seiten wurden mit gr\u00f6\u00dfter Sorgfalt erstellt.<br>F\u00fcr die Richtigkeit, Vollst\u00e4ndigkeit und Aktualit\u00e4t der Inhalte<br>k\u00f6nnen wir jedoch keine Gew\u00e4hr \u00fcbernehmen. Als Diensteanbieter sind wir gem\u00e4\u00df \u00a7 7 Abs.1 TMG f\u00fcr<br>eigene Inhalte auf diesen Seiten nach den allgemeinen Gesetzen verantwortlich.<br>Nach \u00a7\u00a7 8 bis 10 TMG sind wir als Diensteanbieter jedoch nicht<br>verpflichtet, \u00fcbermittelte oder gespeicherte fremde Informationen zu<br>\u00fcberwachen oder nach Umst\u00e4nden zu forschen, die auf eine rechtswidrige<br>T\u00e4tigkeit hinweisen. Verpflichtungen zur Entfernung oder Sperrung der<br>Nutzung von Informationen nach den allgemeinen Gesetzen bleiben hiervon<br>unber\u00fchrt. Eine diesbez\u00fcgliche Haftung ist jedoch erst ab dem<br>Zeitpunkt der Kenntnis einer konkreten Rechtsverletzung m\u00f6glich. Bei<br>Bekanntwerden von entsprechenden Rechtsverletzungen werden wir diese Inhalte<br>umgehend entfernen.<\/p>\n\n\n\n<p><strong>Haftung f\u00fcr Links<\/strong><\/p>\n\n\n\n<p>Unser Angebot enth\u00e4lt Links zu externen Webseiten Dritter, auf deren<br>Inhalte wir keinen Einfluss haben. Deshalb k\u00f6nnen wir f\u00fcr diese<br>fremden Inhalte auch keine Gew\u00e4hr \u00fcbernehmen. F\u00fcr die Inhalte<br>der verlinkten Seiten ist stets der jeweilige Anbieter oder Betreiber der<br>Seiten verantwortlich. Die verlinkten Seiten wurden zum Zeitpunkt der Verlinkung<br>auf m\u00f6gliche Rechtsverst\u00f6\u00dfe \u00fcberpr\u00fcft. Rechtswidrige<br>Inhalte waren zum Zeitpunkt der Verlinkung nicht erkennbar. Eine permanente<br>inhaltliche Kontrolle der verlinkten Seiten ist jedoch ohne konkrete Anhaltspunkte<br>einer Rechtsverletzung nicht zumutbar. Bei Bekanntwerden von Rechtsverletzungen<br>werden wir derartige Links umgehend entfernen.<\/p>\n\n\n\n<p><strong>Urheberrecht<\/strong><\/p>\n\n\n\n<p>Die durch die Seitenbetreiber erstellten Inhalte und Werke auf diesen Seiten<br>unterliegen dem deutschen Urheberrecht. Die Vervielf\u00e4ltigung, Bearbeitung, Verbreitung und<br>jede Art der Verwertung au\u00dferhalb der Grenzen des Urheberrechtes bed\u00fcrfen<br>der schriftlichen Zustimmung des jeweiligen Autors bzw. Erstellers. Downloads<br>und Kopien dieser Seite sind nur f\u00fcr den privaten, nicht kommerziellen<br>Gebrauch gestattet. Soweit die Inhalte auf dieser Seite nicht vom Betreiber erstellt wurden,<br>werden die Urheberrechte Dritter beachtet. Insbesondere werden Inhalte Dritter als solche<br>gekennzeichnet. Sollten Sie trotzdem auf eine Urheberrechtsverletzung aufmerksam werden, bitten wir um einen entsprechenden Hinweis.<br>Bei Bekanntwerden von Rechtsverletzungen werden wir derartige Inhalte umgehend entfernen.<\/p>\n\n\n\n<p><strong>Datenschutz<\/strong><\/p>\n\n\n\n<p>Die Nutzung unserer Webseite ist in der Regel ohne Angabe personenbezogener Daten m\u00f6glich. Soweit auf unseren Seiten personenbezogene Daten (beispielsweise Name, Anschrift oder eMail-Adressen) erhoben werden, erfolgt dies, soweit m\u00f6glich, stets auf freiwilliger Basis. Diese Daten werden ohne Ihre ausdr\u00fcckliche Zustimmung nicht an Dritte weitergegeben.<\/p>\n\n\n\n<p>Wir weisen darauf hin, dass die Daten\u00fcbertragung im Internet (z.B.<br>bei der Kommunikation per E-Mail) Sicherheitsl\u00fccken aufweisen kann.<br>Ein l\u00fcckenloser Schutz der Daten vor dem Zugriff durch Dritte ist nicht<br>m\u00f6glich.<\/p>\n\n\n\n<p>Der Nutzung von im Rahmen der Impressumspflicht ver\u00f6ffentlichten Kontaktdaten<br>durch Dritte zur \u00dcbersendung von nicht ausdr\u00fccklich angeforderter<br>Werbung und Informationsmaterialien wird hiermit ausdr\u00fccklich widersprochen.<br>Die Betreiber der Seiten behalten sich ausdr\u00fccklich rechtliche Schritte<br>im Falle der unverlangten Zusendung von Werbeinformationen, etwa durch Spam-Mails,<br>vor.<\/p>\n\n\n\n<p>Quelle:&nbsp;<em><a href=\"http:\/\/www.e-recht24.de\/muster-disclaimer.htm\" target=\"_blank\" rel=\"noreferrer noopener\">Disclaimer<\/a>&nbsp;von eRecht24, dem Portal zum Internetrecht von&nbsp;<a href=\"http:\/\/www.e-recht24.de\/\" target=\"_blank\" rel=\"noreferrer noopener\">Rechtsanwalt<\/a>&nbsp;S\u00f6ren Siebert.<\/em><\/p>\n","protected":false},"excerpt":{"rendered":"<p>Impressum Angaben gem\u00e4\u00df \u00a7 5 TMG: Gert SommerGesch\u00e4ftsf\u00fchrerSpitzkunnersdorfer Str. 802782 Seifhennersdorf Kontakt: Telefon: +49 (0) 3586 36860 Telefax: +49 (0) 3586 3686-28 E-Mail: gs@boskcorp.com Wirtschafts-Identifikationsnummer: Wirtschafts-Identifikationsnummer gem\u00e4\u00df \u00a7139 c Abgabenordnung:1 047 879 Verantwortlich f\u00fcr den Inhalt nach \u00a7 55 Abs. 2 RStV: Gert SommerSpitzkunnersdorfer Str. 802782 Seifhennersdorf Quelle:&nbsp;erstellt mit dem&nbsp;Impressum-Generator&nbsp;von eRecht24. Haftungsausschluss: Haftung f\u00fcr Inhalte &hellip; <a href=\"https:\/\/maskenbarone.de\/shop\/impressum\/\" class=\"more-link\">Continue reading<span class=\"screen-reader-text\"> &#8222;Impressum&#8220;<\/span><\/a><\/p>\n","protected":false},"author":1,"featured_media":0,"parent":0,"menu_order":0,"comment_status":"closed","ping_status":"closed","template":"","meta":{"footnotes":""},"class_list":["post-12","page","type-page","status-publish","hentry"],"_links":{"self":[{"href":"https:\/\/maskenbarone.de\/shop\/wp-json\/wp\/v2\/pages\/12","targetHints":{"allow":["GET"]}}],"collection":[{"href":"https:\/\/maskenbarone.de\/shop\/wp-json\/wp\/v2\/pages"}],"about":[{"href":"https:\/\/maskenbarone.de\/shop\/wp-json\/wp\/v2\/types\/page"}],"author":[{"embeddable":true,"href":"https:\/\/maskenbarone.de\/shop\/wp-json\/wp\/v2\/users\/1"}],"replies":[{"embeddable":true,"href":"https:\/\/maskenbarone.de\/shop\/wp-json\/wp\/v2\/comments?post=12"}],"version-history":[{"count":2,"href":"https:\/\/maskenbarone.de\/shop\/wp-json\/wp\/v2\/pages\/12\/revisions"}],"predecessor-version":[{"id":267,"href":"https:\/\/maskenbarone.de\/shop\/wp-json\/wp\/v2\/pages\/12\/revisions\/267"}],"wp:attachment":[{"href":"https:\/\/maskenbarone.de\/shop\/wp-json\/wp\/v2\/media?parent=12"}],"curies":[{"name":"wp","href":"https:\/\/api.w.org\/{rel}","templated":true}]}}