{"id":325,"date":"2021-07-06T21:25:04","date_gmt":"2021-07-06T19:25:04","guid":{"rendered":"https:\/\/maskenbarone.de\/shop\/?post_type=product&#038;p=325"},"modified":"2021-07-06T21:25:35","modified_gmt":"2021-07-06T19:25:35","slug":"einwegspritzen-25gx1-3200x-stueck-karton","status":"publish","type":"product","link":"https:\/\/maskenbarone.de\/shop\/produkt\/einwegspritzen-25gx1-3200x-stueck-karton\/","title":{"rendered":"Einwegspritzen 25GX1 3200x St\u00fcck Karton"},"content":{"rendered":"<div id='gallery-1' class='gallery galleryid-325 gallery-columns-6 gallery-size-thumbnail'><figure class='gallery-item'>\n\t\t\t<div class='gallery-icon landscape'>\n\t\t\t\t<a href='https:\/\/maskenbarone.de\/shop\/wp-content\/uploads\/2021\/07\/00ce7aa9-16e0-4184-a79a-ee2e410a5621.jpg'><img loading=\"lazy\" decoding=\"async\" width=\"150\" height=\"150\" src=\"https:\/\/maskenbarone.de\/shop\/wp-content\/uploads\/2021\/07\/00ce7aa9-16e0-4184-a79a-ee2e410a5621-150x150.jpg\" class=\"attachment-thumbnail size-thumbnail\" alt=\"\" srcset=\"https:\/\/maskenbarone.de\/shop\/wp-content\/uploads\/2021\/07\/00ce7aa9-16e0-4184-a79a-ee2e410a5621-150x150.jpg 150w, https:\/\/maskenbarone.de\/shop\/wp-content\/uploads\/2021\/07\/00ce7aa9-16e0-4184-a79a-ee2e410a5621-300x300.jpg 300w, https:\/\/maskenbarone.de\/shop\/wp-content\/uploads\/2021\/07\/00ce7aa9-16e0-4184-a79a-ee2e410a5621-400x400.jpg 400w, https:\/\/maskenbarone.de\/shop\/wp-content\/uploads\/2021\/07\/00ce7aa9-16e0-4184-a79a-ee2e410a5621-100x100.jpg 100w, https:\/\/maskenbarone.de\/shop\/wp-content\/uploads\/2021\/07\/00ce7aa9-16e0-4184-a79a-ee2e410a5621.jpg 570w\" sizes=\"auto, (max-width: 150px) 85vw, 150px\" \/><\/a>\n\t\t\t<\/div><\/figure><figure class='gallery-item'>\n\t\t\t<div class='gallery-icon landscape'>\n\t\t\t\t<a href='https:\/\/maskenbarone.de\/shop\/wp-content\/uploads\/2021\/07\/5c109c23cada802203b379dd-1-large.jpg'><img loading=\"lazy\" decoding=\"async\" width=\"150\" height=\"150\" src=\"https:\/\/maskenbarone.de\/shop\/wp-content\/uploads\/2021\/07\/5c109c23cada802203b379dd-1-large-150x150.jpg\" class=\"attachment-thumbnail size-thumbnail\" alt=\"\" srcset=\"https:\/\/maskenbarone.de\/shop\/wp-content\/uploads\/2021\/07\/5c109c23cada802203b379dd-1-large-150x150.jpg 150w, https:\/\/maskenbarone.de\/shop\/wp-content\/uploads\/2021\/07\/5c109c23cada802203b379dd-1-large-300x300.jpg 300w, https:\/\/maskenbarone.de\/shop\/wp-content\/uploads\/2021\/07\/5c109c23cada802203b379dd-1-large-400x400.jpg 400w, https:\/\/maskenbarone.de\/shop\/wp-content\/uploads\/2021\/07\/5c109c23cada802203b379dd-1-large-100x100.jpg 100w, https:\/\/maskenbarone.de\/shop\/wp-content\/uploads\/2021\/07\/5c109c23cada802203b379dd-1-large.jpg 600w\" sizes=\"auto, (max-width: 150px) 85vw, 150px\" \/><\/a>\n\t\t\t<\/div><\/figure><figure class='gallery-item'>\n\t\t\t<div class='gallery-icon landscape'>\n\t\t\t\t<a href='https:\/\/maskenbarone.de\/shop\/wp-content\/uploads\/2021\/07\/5c109c23cada802203b379dd-2-large.jpg'><img loading=\"lazy\" decoding=\"async\" width=\"150\" height=\"150\" src=\"https:\/\/maskenbarone.de\/shop\/wp-content\/uploads\/2021\/07\/5c109c23cada802203b379dd-2-large-150x150.jpg\" class=\"attachment-thumbnail size-thumbnail\" alt=\"\" srcset=\"https:\/\/maskenbarone.de\/shop\/wp-content\/uploads\/2021\/07\/5c109c23cada802203b379dd-2-large-150x150.jpg 150w, https:\/\/maskenbarone.de\/shop\/wp-content\/uploads\/2021\/07\/5c109c23cada802203b379dd-2-large-300x300.jpg 300w, https:\/\/maskenbarone.de\/shop\/wp-content\/uploads\/2021\/07\/5c109c23cada802203b379dd-2-large-400x400.jpg 400w, https:\/\/maskenbarone.de\/shop\/wp-content\/uploads\/2021\/07\/5c109c23cada802203b379dd-2-large-100x100.jpg 100w, https:\/\/maskenbarone.de\/shop\/wp-content\/uploads\/2021\/07\/5c109c23cada802203b379dd-2-large.jpg 600w\" sizes=\"auto, (max-width: 150px) 85vw, 150px\" \/><\/a>\n\t\t\t<\/div><\/figure><figure class='gallery-item'>\n\t\t\t<div class='gallery-icon landscape'>\n\t\t\t\t<a href='https:\/\/maskenbarone.de\/shop\/wp-content\/uploads\/2021\/07\/5e575e05-f010-452a-993e-3fcaafc20135.jpg'><img loading=\"lazy\" decoding=\"async\" width=\"150\" height=\"150\" src=\"https:\/\/maskenbarone.de\/shop\/wp-content\/uploads\/2021\/07\/5e575e05-f010-452a-993e-3fcaafc20135-150x150.jpg\" class=\"attachment-thumbnail size-thumbnail\" alt=\"\" srcset=\"https:\/\/maskenbarone.de\/shop\/wp-content\/uploads\/2021\/07\/5e575e05-f010-452a-993e-3fcaafc20135-150x150.jpg 150w, https:\/\/maskenbarone.de\/shop\/wp-content\/uploads\/2021\/07\/5e575e05-f010-452a-993e-3fcaafc20135-300x300.jpg 300w, https:\/\/maskenbarone.de\/shop\/wp-content\/uploads\/2021\/07\/5e575e05-f010-452a-993e-3fcaafc20135-400x400.jpg 400w, https:\/\/maskenbarone.de\/shop\/wp-content\/uploads\/2021\/07\/5e575e05-f010-452a-993e-3fcaafc20135-100x100.jpg 100w, https:\/\/maskenbarone.de\/shop\/wp-content\/uploads\/2021\/07\/5e575e05-f010-452a-993e-3fcaafc20135.jpg 551w\" sizes=\"auto, (max-width: 150px) 85vw, 150px\" \/><\/a>\n\t\t\t<\/div><\/figure><figure class='gallery-item'>\n\t\t\t<div class='gallery-icon landscape'>\n\t\t\t\t<a href='https:\/\/maskenbarone.de\/shop\/wp-content\/uploads\/2021\/07\/7f168aa6-196c-4a46-839e-d07f29ce5f86.jpg'><img loading=\"lazy\" decoding=\"async\" width=\"150\" height=\"150\" src=\"https:\/\/maskenbarone.de\/shop\/wp-content\/uploads\/2021\/07\/7f168aa6-196c-4a46-839e-d07f29ce5f86-150x150.jpg\" class=\"attachment-thumbnail size-thumbnail\" alt=\"\" srcset=\"https:\/\/maskenbarone.de\/shop\/wp-content\/uploads\/2021\/07\/7f168aa6-196c-4a46-839e-d07f29ce5f86-150x150.jpg 150w, https:\/\/maskenbarone.de\/shop\/wp-content\/uploads\/2021\/07\/7f168aa6-196c-4a46-839e-d07f29ce5f86-300x300.jpg 300w, https:\/\/maskenbarone.de\/shop\/wp-content\/uploads\/2021\/07\/7f168aa6-196c-4a46-839e-d07f29ce5f86-400x400.jpg 400w, https:\/\/maskenbarone.de\/shop\/wp-content\/uploads\/2021\/07\/7f168aa6-196c-4a46-839e-d07f29ce5f86-100x100.jpg 100w, https:\/\/maskenbarone.de\/shop\/wp-content\/uploads\/2021\/07\/7f168aa6-196c-4a46-839e-d07f29ce5f86.jpg 570w\" sizes=\"auto, (max-width: 150px) 85vw, 150px\" \/><\/a>\n\t\t\t<\/div><\/figure><figure class='gallery-item'>\n\t\t\t<div class='gallery-icon portrait'>\n\t\t\t\t<a href='https:\/\/maskenbarone.de\/shop\/wp-content\/uploads\/2021\/07\/c7770131-e3bd-49ce-a8f1-f820d7ce0acb.jpg'><img loading=\"lazy\" decoding=\"async\" width=\"150\" height=\"150\" src=\"https:\/\/maskenbarone.de\/shop\/wp-content\/uploads\/2021\/07\/c7770131-e3bd-49ce-a8f1-f820d7ce0acb-150x150.jpg\" class=\"attachment-thumbnail size-thumbnail\" alt=\"\" srcset=\"https:\/\/maskenbarone.de\/shop\/wp-content\/uploads\/2021\/07\/c7770131-e3bd-49ce-a8f1-f820d7ce0acb-150x150.jpg 150w, https:\/\/maskenbarone.de\/shop\/wp-content\/uploads\/2021\/07\/c7770131-e3bd-49ce-a8f1-f820d7ce0acb-100x100.jpg 100w\" sizes=\"auto, (max-width: 150px) 85vw, 150px\" \/><\/a>\n\t\t\t<\/div><\/figure>\n\t\t<\/div>\n\n<p>Die Merkmale unserer Einwegspritze 25GX1 im Detail: Die maximale Volumens Kapazit\u00e4t betr\u00e4gt 2,5 cm\u00b3 mit einer Abstufung von 0,1 cc. Die Spritze hat einen klaren Spritzenk\u00f6rper mit kr\u00e4ftigen, pr\u00e4zisen Skalenmarkierungen. Die Kunststofflistenverpackung ist manipulationssicher, um die Sterilit\u00e4t zu gew\u00e4hrleisten. Peels Packs bieten eine Kostenersparnis bei der Abfallentsorgung gegen\u00fcber den sperrigen Kunststoffbeh\u00e4ltern einiger anderer Spritzen. Jede Einwegspritze ist steril und nur zum einmaligen Gebrauch bestimmt. Die Herstellungsmaterialien sind ungiftig und nicht pyrogen. Jede Einwegspritze wurde nicht mit Naturkautschuklatex hergestellt. Die Einwegspritzen sind nicht f\u00fcr die Hochdruckinjektion von Kontrastmitteln verwendbar. Beiliegend erhalten Sie noch Informationen \u00fcber ISO13485 und CE2.<br \/>\nZertifikat Nr. Q5 0838705 0009 Rev. 02<br \/>\nInhaber des Zertifikats: Farma Sino Pharmaceuticals<\/p>\n<p>Die Zertifizierungsstelle der T\u00dcV S\u00dcD Product Service GmbH bescheinigt, dass das oben<br \/>\ngenannte Unternehmen ein Qualit\u00e4tsmanagementsystem eingef\u00fchrt hat und aufrechterh\u00e4lt, das<br \/>\ndie Anforderungen der aufgef\u00fchrten Norm(en) erf\u00fcllt. Alle zutreffenden Anforderungen der Pr\u00fcf-<br \/>\nund Zertifizierungsordnung der T\u00dcV S\u00dcD Gruppe m\u00fcssen eingehalten werden. Details und<br \/>\nZertifikatsg\u00fcltigkeit siehe: www.tuvsud.com\/ps-cert?q=cert:Q5 088705 0009 Rev. 02<\/p>\n<p>Bericht Nr.: SH2088501<br \/>\nG\u00fcltig von: 2020-11-03<br \/>\nG\u00fcltig bis: 2023-10-28<\/p>\n<p><a href=\"https:\/\/maskenbarone.de\/shop\/files\/ISO13485.pdf\" target=\"_blank\" rel=\"noopener\">ISO13485.pdf<\/a><\/p>\n<p><a href=\"https:\/\/maskenbarone.de\/shop\/files\/CE2.pdf\" target=\"_blank\" rel=\"noopener\">CE2.pdf<\/a><\/p>\n","protected":false},"excerpt":{"rendered":"<p>Die Merkmale unserer Einwegspritze 25GX1 im Detail: Die maximale Volumens Kapazit\u00e4t betr\u00e4gt 2,5 cm\u00b3 mit einer Abstufung von 0,1 cc. Die Spritze hat einen klaren Spritzenk\u00f6rper mit kr\u00e4ftigen, pr\u00e4zisen Skalenmarkierungen. Die Kunststofflistenverpackung ist manipulationssicher, um die Sterilit\u00e4t zu gew\u00e4hrleisten. Peels Packs bieten eine Kostenersparnis bei der Abfallentsorgung gegen\u00fcber den sperrigen Kunststoffbeh\u00e4ltern einiger anderer Spritzen. Jede &hellip; <a href=\"https:\/\/maskenbarone.de\/shop\/produkt\/einwegspritzen-25gx1-3200x-stueck-karton\/\" class=\"more-link\">Continue reading<span class=\"screen-reader-text\"> &#8222;Einwegspritzen 25GX1 3200x St\u00fcck Karton&#8220;<\/span><\/a><\/p>\n","protected":false},"featured_media":330,"template":"","meta":[],"product_brand":[],"product_cat":[67],"product_tag":[],"class_list":{"0":"post-325","1":"product","2":"type-product","3":"status-publish","4":"has-post-thumbnail","6":"product_cat-einwegspritzen","8":"first","9":"instock","10":"taxable","11":"shipping-taxable","12":"purchasable","13":"product-type-simple"},"_links":{"self":[{"href":"https:\/\/maskenbarone.de\/shop\/wp-json\/wp\/v2\/product\/325","targetHints":{"allow":["GET"]}}],"collection":[{"href":"https:\/\/maskenbarone.de\/shop\/wp-json\/wp\/v2\/product"}],"about":[{"href":"https:\/\/maskenbarone.de\/shop\/wp-json\/wp\/v2\/types\/product"}],"wp:featuredmedia":[{"embeddable":true,"href":"https:\/\/maskenbarone.de\/shop\/wp-json\/wp\/v2\/media\/330"}],"wp:attachment":[{"href":"https:\/\/maskenbarone.de\/shop\/wp-json\/wp\/v2\/media?parent=325"}],"wp:term":[{"taxonomy":"product_brand","embeddable":true,"href":"https:\/\/maskenbarone.de\/shop\/wp-json\/wp\/v2\/product_brand?post=325"},{"taxonomy":"product_cat","embeddable":true,"href":"https:\/\/maskenbarone.de\/shop\/wp-json\/wp\/v2\/product_cat?post=325"},{"taxonomy":"product_tag","embeddable":true,"href":"https:\/\/maskenbarone.de\/shop\/wp-json\/wp\/v2\/product_tag?post=325"}],"curies":[{"name":"wp","href":"https:\/\/api.w.org\/{rel}","templated":true}]}}