{"id":350,"date":"2021-12-13T15:24:36","date_gmt":"2021-12-13T14:24:36","guid":{"rendered":"https:\/\/maskenbarone.de\/shop\/?post_type=product&#038;p=350"},"modified":"2021-12-18T13:12:13","modified_gmt":"2021-12-18T12:12:13","slug":"mann-und-hummel-ourair-tk-850","status":"publish","type":"product","link":"https:\/\/maskenbarone.de\/shop\/produkt\/mann-und-hummel-ourair-tk-850\/","title":{"rendered":"MANN und HUMMEL OurAir TK 850"},"content":{"rendered":"<div class=\"product__description product__description__showMore\">\n<div>\n<p>OurAir TK 850 ist ein mobiles Luft- reinigungssystem, das in praktisch jeder In- nenraumumgebung virenfreie, sichere Luft liefert. Seine einzeln getesteten H14-HEPA- Filter1 fangen mehr als 99,995 % der Viren, Bakterien und anderen Mikroorganismen ein und bieten so eine Luftqualit\u00e4t, die der in Reinr\u00e4umen entspricht. Optional kann der Vorfilter mit einer Aktivkohleschicht ausgestattet werden, um unangenehme Ger\u00fcche zu adsorbieren. Dar\u00fcber hinaus kann zus\u00e4tzlich eine UV-C-Stufe gew\u00e4hlt werden.<\/p>\n<p>Der OurAir TK 850 wurde entwickelt, um Geb\u00e4udenutzer in nahezu allen Lebensbereichen mit virenfreier Luft zu versorgen \u2013 in B\u00fcros und Einzelhandels- gesch\u00e4ften, aber auch in Restaurants, Fitnessstudios und Arztpraxen. Jeder OurAir TK 850 reinigt effizient die Luft in einem bis zu 70 qm gro\u00dfen Raum. F\u00fcr gr\u00f6\u00dfere R\u00e4ume k\u00f6nnen mehrere Ger\u00e4te zusammen eingesetzt werden, oder der OurAir SQ 2500 f\u00fcr R\u00e4ume bis zu 200 qm. F\u00fcr R\u00e4ume bis 40 qm w\u00e4re der OurAir SQ 500 geeignet.<br \/>\nVom HEPA-Filter abgeschiedene Viren sterben ab und bleiben inaktiv zur\u00fcck. Auf Wunsch kann eine zus\u00e4tzliche ozonfreie UV- C-Stufe aktiviert werden. Wellenl\u00e4ngen unter 240 nm werden durch speziell beschichtetes Glas zur\u00fcckgehalten. Beim \u00d6ffnen des Ger\u00e4ts werden die Lampen deaktiviert. UV- C-Lampen tragen beim Einsatz von HEPA- Filtern nicht zu einer weiteren Verbesserung der Luftqualit\u00e4t bei und leisten nur auf der direkt bestrahlten Filteroberfl\u00e4che eine Sterilisation.<\/p>\n<\/div>\n<\/div>\n<div data-content-type=\"row\" data-appearance=\"contained\" data-element=\"main\">\n<div data-enable-parallax=\"0\" data-parallax-speed=\"0.5\" data-background-images=\"{}\" data-background-type=\"image\" data-video-loop=\"true\" data-video-play-only-visible=\"true\" data-video-lazy-load=\"true\" data-video-fallback-src=\"\" data-element=\"inner\" data-pb-style=\"60E2E82B7BD13\">\n<div data-content-type=\"text\" data-appearance=\"default\" data-element=\"main\" data-pb-style=\"60E2E82B7BD29\">\n<h3><\/h3>\n<h3><span class=\"green\">Technische Daten<\/span><\/h3>\n<table class=\"contenttable\" border=\"1\">\n<tbody>\n<tr>\n<td>\u00a0Dimensionen (L x B x H)<\/td>\n<td>\u00a0 0.44 x 0.28 x 0.65 m<\/td>\n<\/tr>\n<tr>\n<td>\u00a0Nettogewicht (mit Filter)<\/td>\n<td>\u00a0 11,3 kg<\/td>\n<\/tr>\n<tr>\n<td>\u00a0Geh\u00e4usematerial<\/td>\n<td>\u00a0 ABS Kunststoff<\/td>\n<\/tr>\n<tr>\n<td>\u00a0Stromversorgung<\/td>\n<td>\u00a0 230 V, IEC-Netzanschlu\u00df<\/td>\n<\/tr>\n<tr>\n<td>\u00a0Stromverbrauch<\/td>\n<td>\u00a0\u00a091 W (bei durchschnittlichem Betrieb von 400 m<sup>3<\/sup>\/h) 220 W (bei 950 m<sup>3<\/sup>\/h)<\/td>\n<\/tr>\n<tr>\n<td>\u00a0Luftdurchsatz<\/td>\n<td>\u00a0 max. 950 m<sup>3<\/sup>\/h<\/td>\n<\/tr>\n<tr>\n<td>\u00a0Luftwechslerate<\/td>\n<td>\u00a0 ~\u00a05 mal\/Stunde bei einer\u00a0Raumgr\u00f6\u00dfe von 70 m<sup>2<\/sup>;\u00a0~ 6 mal\/Stunde bei einer\u00a0Raumgr\u00f6\u00dfe von 60 m<sup>2<\/sup><\/td>\n<\/tr>\n<tr>\n<td>\u00a0Filtrationseffizienz<\/td>\n<td>\u00a0 H14<sup>*1<\/sup>\u00a0(f\u00e4ngt &gt; 99,995%\u00a0der Viren, Bakterien und Mikroorganismen ein)<\/td>\n<\/tr>\n<tr>\n<td>\u00a0Optionen<\/td>\n<td>\u00a0 gro\u00dfes Touch-Display, Anzeige von Luftqualit\u00e4t, Temperatur und Luftfeuchtigkeit in Echtzeit, Fernbedienung, Kindersicherung, Kippschutz<\/td>\n<\/tr>\n<\/tbody>\n<\/table>\n<p><sup>*1<\/sup>gem\u00e4\u00df ISO29463 und EN1822<\/p>\n<\/div>\n<\/div>\n<\/div>\n<p><iframe loading=\"lazy\" title=\"YouTube video player\" src=\"https:\/\/www.youtube.com\/embed\/V5XcC8a3xkY\" width=\"560\" height=\"315\" frameborder=\"0\" allowfullscreen=\"allowfullscreen\"><\/iframe><\/p>\n","protected":false},"excerpt":{"rendered":"<p>OurAir TK 850 ist ein mobiles Luft- reinigungssystem, das in praktisch jeder In- nenraumumgebung virenfreie, sichere Luft liefert. Seine einzeln getesteten H14-HEPA- Filter1 fangen mehr als 99,995 % der Viren, Bakterien und anderen Mikroorganismen ein und bieten so eine Luftqualit\u00e4t, die der in Reinr\u00e4umen entspricht. Optional kann der Vorfilter mit einer Aktivkohleschicht ausgestattet werden, um &hellip; <a href=\"https:\/\/maskenbarone.de\/shop\/produkt\/mann-und-hummel-ourair-tk-850\/\" class=\"more-link\">Continue reading<span class=\"screen-reader-text\"> &#8222;MANN und HUMMEL OurAir TK 850&#8220;<\/span><\/a><\/p>\n","protected":false},"featured_media":356,"template":"","meta":[],"product_brand":[],"product_cat":[69],"product_tag":[],"class_list":{"0":"post-350","1":"product","2":"type-product","3":"status-publish","4":"has-post-thumbnail","6":"product_cat-luftreiniger","8":"first","9":"instock","10":"taxable","11":"shipping-taxable","12":"purchasable","13":"product-type-simple"},"_links":{"self":[{"href":"https:\/\/maskenbarone.de\/shop\/wp-json\/wp\/v2\/product\/350","targetHints":{"allow":["GET"]}}],"collection":[{"href":"https:\/\/maskenbarone.de\/shop\/wp-json\/wp\/v2\/product"}],"about":[{"href":"https:\/\/maskenbarone.de\/shop\/wp-json\/wp\/v2\/types\/product"}],"wp:featuredmedia":[{"embeddable":true,"href":"https:\/\/maskenbarone.de\/shop\/wp-json\/wp\/v2\/media\/356"}],"wp:attachment":[{"href":"https:\/\/maskenbarone.de\/shop\/wp-json\/wp\/v2\/media?parent=350"}],"wp:term":[{"taxonomy":"product_brand","embeddable":true,"href":"https:\/\/maskenbarone.de\/shop\/wp-json\/wp\/v2\/product_brand?post=350"},{"taxonomy":"product_cat","embeddable":true,"href":"https:\/\/maskenbarone.de\/shop\/wp-json\/wp\/v2\/product_cat?post=350"},{"taxonomy":"product_tag","embeddable":true,"href":"https:\/\/maskenbarone.de\/shop\/wp-json\/wp\/v2\/product_tag?post=350"}],"curies":[{"name":"wp","href":"https:\/\/api.w.org\/{rel}","templated":true}]}}