{"id":86,"date":"2021-04-14T17:25:38","date_gmt":"2021-04-14T15:25:38","guid":{"rendered":"https:\/\/maskenbarone.de\/shop\/?product=produkt"},"modified":"2021-08-19T14:06:02","modified_gmt":"2021-08-19T12:06:02","slug":"bf-1-unterstuetzungsrahmen-fuer-frakturbettschuessel-weiss","status":"publish","type":"product","link":"https:\/\/maskenbarone.de\/shop\/produkt\/bf-1-unterstuetzungsrahmen-fuer-frakturbettschuessel-weiss\/","title":{"rendered":"BF-1 Unterst\u00fctzungsrahmen f\u00fcr Frakturbettsch\u00fcssel Wei\u00df"},"content":{"rendered":"<h3>ECOPATENT&reg; Unterst&uuml;tzungsrahmen f&uuml;r Frakturbettsch&uuml;ssel Wei&szlig; aus PVC<\/h3>\n<p>Der Unterst&uuml;tzungsrahmen f&uuml;r die Bettpfanne ist aus PVC. Er wird bei schwereren Patienten verwendet um die Einweggef&auml;&szlig;e vor irreversibler Verformung zu sch&uuml;tzen und diesen entgegen zu wirken, wodurch die Einweggef&auml;&szlig;e weiterhin ihrem Zweck entsprechend genutzt werden k&ouml;nnen.&nbsp;<\/p>\n","protected":false},"excerpt":{"rendered":"<p>ECOPATENT&reg; Unterst&uuml;tzungsrahmen f&uuml;r Frakturbettsch&uuml;ssel Wei&szlig; aus PVC Der Unterst&uuml;tzungsrahmen f&uuml;r die Bettpfanne ist aus PVC. Er wird bei schwereren Patienten verwendet um die Einweggef&auml;&szlig;e vor irreversibler Verformung zu sch&uuml;tzen und diesen entgegen zu wirken, wodurch die Einweggef&auml;&szlig;e weiterhin ihrem Zweck entsprechend genutzt werden k&ouml;nnen.&nbsp;<\/p>\n","protected":false},"featured_media":87,"template":"","meta":[],"product_brand":[],"product_cat":[34],"product_tag":[],"class_list":{"0":"post-86","1":"product","2":"type-product","3":"status-publish","4":"has-post-thumbnail","6":"product_cat-ecopatent","8":"first","9":"instock","10":"taxable","11":"shipping-taxable","12":"purchasable","13":"product-type-simple"},"_links":{"self":[{"href":"https:\/\/maskenbarone.de\/shop\/wp-json\/wp\/v2\/product\/86","targetHints":{"allow":["GET"]}}],"collection":[{"href":"https:\/\/maskenbarone.de\/shop\/wp-json\/wp\/v2\/product"}],"about":[{"href":"https:\/\/maskenbarone.de\/shop\/wp-json\/wp\/v2\/types\/product"}],"wp:featuredmedia":[{"embeddable":true,"href":"https:\/\/maskenbarone.de\/shop\/wp-json\/wp\/v2\/media\/87"}],"wp:attachment":[{"href":"https:\/\/maskenbarone.de\/shop\/wp-json\/wp\/v2\/media?parent=86"}],"wp:term":[{"taxonomy":"product_brand","embeddable":true,"href":"https:\/\/maskenbarone.de\/shop\/wp-json\/wp\/v2\/product_brand?post=86"},{"taxonomy":"product_cat","embeddable":true,"href":"https:\/\/maskenbarone.de\/shop\/wp-json\/wp\/v2\/product_cat?post=86"},{"taxonomy":"product_tag","embeddable":true,"href":"https:\/\/maskenbarone.de\/shop\/wp-json\/wp\/v2\/product_tag?post=86"}],"curies":[{"name":"wp","href":"https:\/\/api.w.org\/{rel}","templated":true}]}}